{"id":123,"date":"2017-02-24T15:30:53","date_gmt":"2017-02-24T14:30:53","guid":{"rendered":"http:\/\/waldorf-ansbach.de\/wordpress\/?page_id=123"},"modified":"2024-07-21T21:02:30","modified_gmt":"2024-07-21T19:02:30","slug":"sonnengruppe-2","status":"publish","type":"page","link":"https:\/\/waldorf-ansbach.de\/?page_id=123","title":{"rendered":"Sternschnuppengruppe"},"content":{"rendered":"\n<p>Im unteren Stock unserer Villa d\u00fcrfen sich die Allerkleinsten ab 2 Jahren wie zu hause f\u00fchlen. Bis zum \u00dcbertritt in die Sternengruppe ist hier ausreichend Ruhe gegeben, um im Kindergartenalltag anzukommen. Dabei wird immer versucht, das Wesen jeden einzelnen Kindes zu erkennen und diesem seinen Raum zur Entfaltung zu geben.<\/p>\n\n\n\n<p>Das Kind im Alter von 1 bis 3 Jahren lebt in Hingabe an die Umgebung und an die ihn umgebenden Menschen. Aufgrund der Bindung zur Vertrauensperson ahmt es Verhalten nach. Aus der Nachahmungskraft ergreift das Kind selbst, individuell, willentlich aber unbewusst den Gedanken des Erwachsenen. Es m\u00f6chte aus sich selbst heraus mittun und seinen Lebensweg gestalten. Gerade in den ersten Lebensjahren ist es f\u00fcr das Kind von gro\u00dfer Bedeutung, dass es ein feines, instinktives Wahrnehmungsverm\u00f6gen f\u00fcr alles hat, was in seiner Umgebung vorgeht, insbesondere f\u00fcr das, was in den Personen vorgeht. Praktisch bedeutet dies, dass wir Erwachsenen im Kindergarten verl\u00e4ssliche, moralisch integre Bezugspersonen sind, an die die Kinder sich vertrauensvoll anschlie\u00dfen k\u00f6nnen.\u00a0<\/p>\n\n\n\n<p>Wir Erwachsene gehen sinnvollen T\u00e4tigkeiten nach, die f\u00fcr die Kinder durchschaubar sind und in die die Kinder aus freiem Impuls heraus mittun d\u00fcrfen. Wir schaffen Zeitr\u00e4ume f\u00fcr Begegnungen und Kommunikation (zum Beispiel bei gemeinsamen Mahlzeiten oder Aktivit\u00e4ten), die signalisieren, dass wir Zeit haben und zuh\u00f6ren k\u00f6nnen. Wir leben im Miteinander unter Kollegen, mit den Eltern und anderen eine demokratische Kommunikations- und Handlungsqualit\u00e4t, an der sich die Kinder orientieren k\u00f6nnen.&nbsp;<\/p>\n","protected":false},"excerpt":{"rendered":"<p>Im unteren Stock unserer Villa d\u00fcrfen sich die Allerkleinsten ab 2 Jahren wie zu hause f\u00fchlen. Bis zum \u00dcbertritt in die Sternengruppe ist hier ausreichend Ruhe gegeben, um im Kindergartenalltag anzukommen. Dabei wird immer versucht, das Wesen jeden einzelnen Kindes zu erkennen und diesem seinen Raum zur Entfaltung zu geben. Das Kind im Alter von &hellip; <\/p>\n<p class=\"link-more\"><a href=\"https:\/\/waldorf-ansbach.de\/?page_id=123\" class=\"more-link\"><span class=\"screen-reader-text\">\u201eSternschnuppengruppe\u201c<\/span> weiterlesen<\/a><\/p>\n","protected":false},"author":1,"featured_media":342,"parent":30,"menu_order":3,"comment_status":"closed","ping_status":"closed","template":"","meta":{"two_page_speed":[],"footnotes":""},"class_list":["post-123","page","type-page","status-publish","has-post-thumbnail","hentry"],"_links":{"self":[{"href":"https:\/\/waldorf-ansbach.de\/index.php?rest_route=\/wp\/v2\/pages\/123"}],"collection":[{"href":"https:\/\/waldorf-ansbach.de\/index.php?rest_route=\/wp\/v2\/pages"}],"about":[{"href":"https:\/\/waldorf-ansbach.de\/index.php?rest_route=\/wp\/v2\/types\/page"}],"author":[{"embeddable":true,"href":"https:\/\/waldorf-ansbach.de\/index.php?rest_route=\/wp\/v2\/users\/1"}],"replies":[{"embeddable":true,"href":"https:\/\/waldorf-ansbach.de\/index.php?rest_route=%2Fwp%2Fv2%2Fcomments&post=123"}],"version-history":[{"count":6,"href":"https:\/\/waldorf-ansbach.de\/index.php?rest_route=\/wp\/v2\/pages\/123\/revisions"}],"predecessor-version":[{"id":344,"href":"https:\/\/waldorf-ansbach.de\/index.php?rest_route=\/wp\/v2\/pages\/123\/revisions\/344"}],"up":[{"embeddable":true,"href":"https:\/\/waldorf-ansbach.de\/index.php?rest_route=\/wp\/v2\/pages\/30"}],"wp:featuredmedia":[{"embeddable":true,"href":"https:\/\/waldorf-ansbach.de\/index.php?rest_route=\/wp\/v2\/media\/342"}],"wp:attachment":[{"href":"https:\/\/waldorf-ansbach.de\/index.php?rest_route=%2Fwp%2Fv2%2Fmedia&parent=123"}],"curies":[{"name":"wp","href":"https:\/\/api.w.org\/{rel}","templated":true}]}}