{"id":125,"date":"2017-02-24T15:30:53","date_gmt":"2017-02-24T14:30:53","guid":{"rendered":"http:\/\/waldorf-ansbach.de\/wordpress\/?page_id=125"},"modified":"2024-11-06T23:09:29","modified_gmt":"2024-11-06T22:09:29","slug":"unser-essen","status":"publish","type":"page","link":"https:\/\/waldorf-ansbach.de\/?page_id=125","title":{"rendered":"Vegetarische Mahlzeiten"},"content":{"rendered":"<p><span style=\"font-family: Calibri, sans-serif;\"><span style=\"font-size: medium;\">S\u00e4mtliche Speisen in unserem Kindergarten sind vegetarisch. Wir achten zus\u00e4tzlich auf die Herkunft aus Demeter oder Bio Betrieben und kaufen beispielsweise levitiertes Wasser oder Honig von lokalen Produzenten. Nach einer Apfelpause am Morgen servieren wir gegen 10:30 Uhr ein selbst zubereitetes Fr\u00fchst\u00fcck. Beim Essen haben alle ihren festen Platz und beginnen und beenden die Mahlzeiten gemeinsam mit einem kurzen Gebet. Dabei bedanken wir uns bei der Natur f\u00fcr den reichhaltigen Tisch.\u00a0<\/span><\/span><\/p>\n<p><span style=\"font-family: Calibri, sans-serif;\"><span style=\"font-size: medium;\">Jeder Wochentag geh\u00f6rt zu einer vollwertigen Speise. Es gibt zum Beispiel einen beliebten Hirseauflauf, Roggenbrot oder unser Gerste-&#8222;Goldk\u00f6rnchen&#8220;.<\/span><\/span><\/p>\n<p><span style=\"font-family: Calibri, sans-serif;\"><span style=\"font-size: medium;\">Nach der Gartenzeit nehmen wir 13 Uhr das Mittagessen zu uns &#8211; die kleinen Sternschnuppenkinder ggf. etwas sp\u00e4ter, nach dem Mittagsschlaf. <\/span><\/span><\/p>\n<p><span style=\"font-family: Calibri, sans-serif;\"><span style=\"font-size: medium;\">Den Nachmittagskindern bereiten wir gegen 15 Uhr noch eine kleine Zwischenmahlzeit zu.<\/span><\/span><\/p>\n<p><span style=\"font-family: Calibri, sans-serif;\"><span style=\"font-size: medium;\">An Geburtstagen oder zu Festen gibt es neben Wasser auch Apfelsaft. Wenn m\u00f6glich pressen wir den Apfelsaft aus den eigenen \u00c4pfeln unseres Gartens. Manchmal stellen wir mit den Kindern auch Schlehenmarmelade aus den eigenen Fr\u00fcchten her.<\/span><\/span><\/p>\n","protected":false},"excerpt":{"rendered":"<p>S\u00e4mtliche Speisen in unserem Kindergarten sind vegetarisch. Wir achten zus\u00e4tzlich auf die Herkunft aus Demeter oder Bio Betrieben und kaufen beispielsweise levitiertes Wasser oder Honig von lokalen Produzenten. Nach einer Apfelpause am Morgen servieren wir gegen 10:30 Uhr ein selbst zubereitetes Fr\u00fchst\u00fcck. Beim Essen haben alle ihren festen Platz und beginnen und beenden die Mahlzeiten &hellip; <\/p>\n<p class=\"link-more\"><a href=\"https:\/\/waldorf-ansbach.de\/?page_id=125\" class=\"more-link\"><span class=\"screen-reader-text\">\u201eVegetarische Mahlzeiten\u201c<\/span> weiterlesen<\/a><\/p>\n","protected":false},"author":1,"featured_media":512,"parent":8,"menu_order":7,"comment_status":"closed","ping_status":"closed","template":"","meta":{"two_page_speed":[],"footnotes":""},"class_list":["post-125","page","type-page","status-publish","has-post-thumbnail","hentry"],"_links":{"self":[{"href":"https:\/\/waldorf-ansbach.de\/index.php?rest_route=\/wp\/v2\/pages\/125"}],"collection":[{"href":"https:\/\/waldorf-ansbach.de\/index.php?rest_route=\/wp\/v2\/pages"}],"about":[{"href":"https:\/\/waldorf-ansbach.de\/index.php?rest_route=\/wp\/v2\/types\/page"}],"author":[{"embeddable":true,"href":"https:\/\/waldorf-ansbach.de\/index.php?rest_route=\/wp\/v2\/users\/1"}],"replies":[{"embeddable":true,"href":"https:\/\/waldorf-ansbach.de\/index.php?rest_route=%2Fwp%2Fv2%2Fcomments&post=125"}],"version-history":[{"count":9,"href":"https:\/\/waldorf-ansbach.de\/index.php?rest_route=\/wp\/v2\/pages\/125\/revisions"}],"predecessor-version":[{"id":460,"href":"https:\/\/waldorf-ansbach.de\/index.php?rest_route=\/wp\/v2\/pages\/125\/revisions\/460"}],"up":[{"embeddable":true,"href":"https:\/\/waldorf-ansbach.de\/index.php?rest_route=\/wp\/v2\/pages\/8"}],"wp:featuredmedia":[{"embeddable":true,"href":"https:\/\/waldorf-ansbach.de\/index.php?rest_route=\/wp\/v2\/media\/512"}],"wp:attachment":[{"href":"https:\/\/waldorf-ansbach.de\/index.php?rest_route=%2Fwp%2Fv2%2Fmedia&parent=125"}],"curies":[{"name":"wp","href":"https:\/\/api.w.org\/{rel}","templated":true}]}}