{"id":177,"date":"2024-07-17T22:02:14","date_gmt":"2024-07-17T20:02:14","guid":{"rendered":"http:\/\/waldorf-ansbach.de\/wordpress\/?page_id=177"},"modified":"2024-07-25T22:16:39","modified_gmt":"2024-07-25T20:16:39","slug":"downloads","status":"publish","type":"page","link":"https:\/\/waldorf-ansbach.de\/?page_id=177","title":{"rendered":"Formular zur Voranmeldung"},"content":{"rendered":"\n<p>M\u00f6chten Sie Ihr Kind in unserer Einrichtung anmelden? Nutzen Sie bitte dieses Formular und schicken Sie es ausgef\u00fcllt per E-Mail zur\u00fcck an uns oder werfen Sie es gerne in den Briefkasten.<\/p>\n\n\n\n<div data-wp-interactive=\"core\/file\" class=\"wp-block-file\"><object data-wp-bind--hidden=\"!state.hasPdfPreview\"  class=\"wp-block-file__embed\" data=\"https:\/\/waldorf-ansbach.de\/wp-content\/uploads\/2024\/07\/2024_Waldorfkindergarten_Voranmeldung.pdf\" type=\"application\/pdf\" style=\"width:100%;height:600px\" aria-label=\"Einbettung von 2024_Waldorfkindergarten_Voranmeldung.\"><\/object><a id=\"wp-block-file--media-6df5122b-c02d-499a-b5fc-ec96389dd9df\" href=\"https:\/\/waldorf-ansbach.de\/wp-content\/uploads\/2024\/07\/2024_Waldorfkindergarten_Voranmeldung.pdf\">2024_Waldorfkindergarten_Voranmeldung<\/a><a href=\"https:\/\/waldorf-ansbach.de\/wp-content\/uploads\/2024\/07\/2024_Waldorfkindergarten_Voranmeldung.pdf\" class=\"wp-block-file__button wp-element-button\" download aria-describedby=\"wp-block-file--media-6df5122b-c02d-499a-b5fc-ec96389dd9df\">Herunterladen<\/a><\/div>\n\n\n\n<p>Nur, wenn Sie dieses Formular ausgef\u00fcllt abgeben, k\u00f6nnen wir einsch\u00e4tzen, ob wir Ihr Kind aufnehmen k\u00f6nnen. Bitte beachten Sie, dass Sie die offizielle Anmeldung \u00fcber das <a href=\"https:\/\/mykitavm.trinuts.de\/mykitavm\/ansbach\/institution\/detail\/1232\/\">kitaVM Portal <\/a>vornehmen m\u00fcssen. Hier werden f\u00fcr gew\u00f6hnlich im Oktober\/November die Anmeldeoptionen f\u00fcr das darauffolgende Jahr freigeschalten.<\/p>\n\n\n\n<h2 class=\"wp-block-heading\">Buchungszeiten und Beitr\u00e4ge<\/h2>\n\n\n\n<p>Hier finden Sie die aktuellen Informationen zu Buchungszeiten und Kindergartenbeitr\u00e4gen zum Download und Ausdrucken.<\/p>\n\n\n\n<div data-wp-interactive=\"core\/file\" class=\"wp-block-file\"><object data-wp-bind--hidden=\"!state.hasPdfPreview\"  class=\"wp-block-file__embed\" data=\"https:\/\/waldorf-ansbach.de\/wp-content\/uploads\/2024\/07\/2024-Kindergartenbeitrag.pdf\" type=\"application\/pdf\" style=\"width:100%;height:600px\" aria-label=\"Einbettung von 2024-Kindergartenbeitrag.\"><\/object><a id=\"wp-block-file--media-203822ea-be74-4e7d-b191-c822bfc29c3c\" href=\"https:\/\/waldorf-ansbach.de\/wp-content\/uploads\/2024\/07\/2024-Kindergartenbeitrag.pdf\">2024-Kindergartenbeitrag<\/a><a href=\"https:\/\/waldorf-ansbach.de\/wp-content\/uploads\/2024\/07\/2024-Kindergartenbeitrag.pdf\" class=\"wp-block-file__button wp-element-button\" download aria-describedby=\"wp-block-file--media-203822ea-be74-4e7d-b191-c822bfc29c3c\">Herunterladen<\/a><\/div>\n\n\n\n<div data-wp-interactive=\"core\/file\" class=\"wp-block-file\"><object data-wp-bind--hidden=\"!state.hasPdfPreview\"  class=\"wp-block-file__embed\" data=\"https:\/\/waldorf-ansbach.de\/wp-content\/uploads\/2024\/07\/2024-Buchungszeiten.pdf\" type=\"application\/pdf\" style=\"width:100%;height:600px\" aria-label=\"Einbettung von 2024-Buchungszeiten.\"><\/object><a id=\"wp-block-file--media-a40cb4eb-89cc-4141-bd70-e725d67dc77a\" href=\"https:\/\/waldorf-ansbach.de\/wp-content\/uploads\/2024\/07\/2024-Buchungszeiten.pdf\">2024-Buchungszeiten<\/a><a href=\"https:\/\/waldorf-ansbach.de\/wp-content\/uploads\/2024\/07\/2024-Buchungszeiten.pdf\" class=\"wp-block-file__button wp-element-button\" download aria-describedby=\"wp-block-file--media-a40cb4eb-89cc-4141-bd70-e725d67dc77a\">Herunterladen<\/a><\/div>\n","protected":false},"excerpt":{"rendered":"<p>M\u00f6chten Sie Ihr Kind in unserer Einrichtung anmelden? Nutzen Sie bitte dieses Formular und schicken Sie es ausgef\u00fcllt per E-Mail zur\u00fcck an uns oder werfen Sie es gerne in den Briefkasten. Nur, wenn Sie dieses Formular ausgef\u00fcllt abgeben, k\u00f6nnen wir einsch\u00e4tzen, ob wir Ihr Kind aufnehmen k\u00f6nnen. Bitte beachten Sie, dass Sie die offizielle Anmeldung &hellip; <\/p>\n<p class=\"link-more\"><a href=\"https:\/\/waldorf-ansbach.de\/?page_id=177\" class=\"more-link\"><span class=\"screen-reader-text\">\u201eFormular zur Voranmeldung\u201c<\/span> weiterlesen<\/a><\/p>\n","protected":false},"author":4,"featured_media":0,"parent":0,"menu_order":0,"comment_status":"closed","ping_status":"closed","template":"","meta":{"two_page_speed":[],"footnotes":""},"class_list":["post-177","page","type-page","status-publish","hentry"],"_links":{"self":[{"href":"https:\/\/waldorf-ansbach.de\/index.php?rest_route=\/wp\/v2\/pages\/177"}],"collection":[{"href":"https:\/\/waldorf-ansbach.de\/index.php?rest_route=\/wp\/v2\/pages"}],"about":[{"href":"https:\/\/waldorf-ansbach.de\/index.php?rest_route=\/wp\/v2\/types\/page"}],"author":[{"embeddable":true,"href":"https:\/\/waldorf-ansbach.de\/index.php?rest_route=\/wp\/v2\/users\/4"}],"replies":[{"embeddable":true,"href":"https:\/\/waldorf-ansbach.de\/index.php?rest_route=%2Fwp%2Fv2%2Fcomments&post=177"}],"version-history":[{"count":11,"href":"https:\/\/waldorf-ansbach.de\/index.php?rest_route=\/wp\/v2\/pages\/177\/revisions"}],"predecessor-version":[{"id":456,"href":"https:\/\/waldorf-ansbach.de\/index.php?rest_route=\/wp\/v2\/pages\/177\/revisions\/456"}],"wp:attachment":[{"href":"https:\/\/waldorf-ansbach.de\/index.php?rest_route=%2Fwp%2Fv2%2Fmedia&parent=177"}],"curies":[{"name":"wp","href":"https:\/\/api.w.org\/{rel}","templated":true}]}}