{"id":314,"date":"2024-07-21T15:02:31","date_gmt":"2024-07-21T13:02:31","guid":{"rendered":"https:\/\/waldorf-ansbach.de\/?page_id=314"},"modified":"2024-07-21T15:07:11","modified_gmt":"2024-07-21T13:07:11","slug":"unser-kindergarten","status":"publish","type":"page","link":"https:\/\/waldorf-ansbach.de\/?page_id=314","title":{"rendered":"Unser Kindergarten"},"content":{"rendered":"\n<p>In Waldorfkindergarten Ansbach betreuen wir bis zu 37 Kinder ab dem Alter von 2 Jahren. Jede Gruppe wird von einer Fachkraft geleitet und von weiteren Kollegen unterst\u00fctzt. Eine Verwaltungskraft ist mit der anfallenden B\u00fcroarbeit betraut.&nbsp;<\/p>\n\n\n\n<p>Regelm\u00e4\u00dfig besucht ein Eurythmistin unsere Einrichtung und leitet mit allen Kindern\u00a0Eurythmiestunden.<\/p>\n\n\n\n<p>Die Jugendstilvilla inmitten eines 6000 m<sup>2<\/sup> gro\u00dfen alt eingewachsenen Gartens beherbergt die beiden Gruppen auf zwei Stockwerken.\u00a0Zahlreiche Begegnungen zwischen den Kindern finden beim freien Spiel im \u201cZauberwald\u201d statt oder auch bei den gemeinsamen Festen im Jahreslauf.\u00a0<\/p>\n","protected":false},"excerpt":{"rendered":"<p>In Waldorfkindergarten Ansbach betreuen wir bis zu 37 Kinder ab dem Alter von 2 Jahren. Jede Gruppe wird von einer Fachkraft geleitet und von weiteren Kollegen unterst\u00fctzt. Eine Verwaltungskraft ist mit der anfallenden B\u00fcroarbeit betraut.&nbsp; Regelm\u00e4\u00dfig besucht ein Eurythmistin unsere Einrichtung und leitet mit allen Kindern\u00a0Eurythmiestunden. Die Jugendstilvilla inmitten eines 6000 m2 gro\u00dfen alt eingewachsenen &hellip; <\/p>\n<p class=\"link-more\"><a href=\"https:\/\/waldorf-ansbach.de\/?page_id=314\" class=\"more-link\"><span class=\"screen-reader-text\">\u201eUnser Kindergarten\u201c<\/span> weiterlesen<\/a><\/p>\n","protected":false},"author":4,"featured_media":307,"parent":0,"menu_order":0,"comment_status":"closed","ping_status":"closed","template":"","meta":{"two_page_speed":[],"footnotes":""},"class_list":["post-314","page","type-page","status-publish","has-post-thumbnail","hentry"],"_links":{"self":[{"href":"https:\/\/waldorf-ansbach.de\/index.php?rest_route=\/wp\/v2\/pages\/314"}],"collection":[{"href":"https:\/\/waldorf-ansbach.de\/index.php?rest_route=\/wp\/v2\/pages"}],"about":[{"href":"https:\/\/waldorf-ansbach.de\/index.php?rest_route=\/wp\/v2\/types\/page"}],"author":[{"embeddable":true,"href":"https:\/\/waldorf-ansbach.de\/index.php?rest_route=\/wp\/v2\/users\/4"}],"replies":[{"embeddable":true,"href":"https:\/\/waldorf-ansbach.de\/index.php?rest_route=%2Fwp%2Fv2%2Fcomments&post=314"}],"version-history":[{"count":3,"href":"https:\/\/waldorf-ansbach.de\/index.php?rest_route=\/wp\/v2\/pages\/314\/revisions"}],"predecessor-version":[{"id":323,"href":"https:\/\/waldorf-ansbach.de\/index.php?rest_route=\/wp\/v2\/pages\/314\/revisions\/323"}],"wp:featuredmedia":[{"embeddable":true,"href":"https:\/\/waldorf-ansbach.de\/index.php?rest_route=\/wp\/v2\/media\/307"}],"wp:attachment":[{"href":"https:\/\/waldorf-ansbach.de\/index.php?rest_route=%2Fwp%2Fv2%2Fmedia&parent=314"}],"curies":[{"name":"wp","href":"https:\/\/api.w.org\/{rel}","templated":true}]}}