{"id":347,"date":"2024-07-21T21:11:38","date_gmt":"2024-07-21T19:11:38","guid":{"rendered":"https:\/\/waldorf-ansbach.de\/?page_id=347"},"modified":"2024-07-21T21:11:39","modified_gmt":"2024-07-21T19:11:39","slug":"unsere-eltern","status":"publish","type":"page","link":"https:\/\/waldorf-ansbach.de\/?page_id=347","title":{"rendered":"Unsere Eltern"},"content":{"rendered":"\n<p>Ganz viel Wert wird auf die Gemeinschaft und die Zusammenarbeit mit den Eltern gelegt. Wie auch in einer Gro\u00dffamilie werden auch hier Feste und Aktionen wie die Apfelernte, Haus- oder Gartenpflege zusammen mit der Elternschaft vorbereitet und durchgef\u00fchrt. Elternabende und individuelle Gespr\u00e4che pr\u00e4gen ein Miteinander in der Erziehung des Kindes zu Hause und im Kindergarten. So bleibt f\u00fcr das Kind im Waldorfkindergarten das Band der Familie immer sp\u00fcrbar.<\/p>\n\n\n\n<p>Kurze Gespr\u00e4che beim Bringen oder Abholen der Kinder dienen dem schnellen Informationsaustausch.<br>Gegenseitige Wertsch\u00e4tzung und Einf\u00fchlungsverm\u00f6gen sind unerl\u00e4sslich, damit sich sowohl das Kind als auch die Eltern im Kindergarten wohlf\u00fchlen.<\/p>\n\n\n\n<p>Unsere <a href=\"https:\/\/waldorf-ansbach.de\/?page_id=97\" data-type=\"page\" data-id=\"97\">Organisation als Verein<\/a> und enge Partnerschaft mit dem Elternbeirat fu\u00dft auf dem Engagement der Eltern. Zu Beginn des Kindergartenjahres schlie\u00dfen sich die Familien je nach individuellen St\u00e4rken bestehenden <strong>Arbeitsgruppen<\/strong> an, in denen sie regelm\u00e4\u00dfig unterst\u00fctzende Aufgaben \u00fcbernehmen, wie beispielsweise Gartenarbeit oder Organisation eines Fests. Diese Arbeit wird durch den Elternbeirat koordiniert. Durch die Mitarbeit bekommen die Eltern Einblick in verschiedene Bereiche des Kindergartens und k\u00f6nnen die Umgebung, in der sich ihr Kind t\u00e4glich bewegt, mitgestalten.&nbsp;<\/p>\n","protected":false},"excerpt":{"rendered":"<p>Ganz viel Wert wird auf die Gemeinschaft und die Zusammenarbeit mit den Eltern gelegt. Wie auch in einer Gro\u00dffamilie werden auch hier Feste und Aktionen wie die Apfelernte, Haus- oder Gartenpflege zusammen mit der Elternschaft vorbereitet und durchgef\u00fchrt. Elternabende und individuelle Gespr\u00e4che pr\u00e4gen ein Miteinander in der Erziehung des Kindes zu Hause und im Kindergarten. &hellip; <\/p>\n<p class=\"link-more\"><a href=\"https:\/\/waldorf-ansbach.de\/?page_id=347\" class=\"more-link\"><span class=\"screen-reader-text\">\u201eUnsere Eltern\u201c<\/span> weiterlesen<\/a><\/p>\n","protected":false},"author":4,"featured_media":348,"parent":0,"menu_order":0,"comment_status":"closed","ping_status":"closed","template":"","meta":{"two_page_speed":[],"footnotes":""},"class_list":["post-347","page","type-page","status-publish","has-post-thumbnail","hentry"],"_links":{"self":[{"href":"https:\/\/waldorf-ansbach.de\/index.php?rest_route=\/wp\/v2\/pages\/347"}],"collection":[{"href":"https:\/\/waldorf-ansbach.de\/index.php?rest_route=\/wp\/v2\/pages"}],"about":[{"href":"https:\/\/waldorf-ansbach.de\/index.php?rest_route=\/wp\/v2\/types\/page"}],"author":[{"embeddable":true,"href":"https:\/\/waldorf-ansbach.de\/index.php?rest_route=\/wp\/v2\/users\/4"}],"replies":[{"embeddable":true,"href":"https:\/\/waldorf-ansbach.de\/index.php?rest_route=%2Fwp%2Fv2%2Fcomments&post=347"}],"version-history":[{"count":1,"href":"https:\/\/waldorf-ansbach.de\/index.php?rest_route=\/wp\/v2\/pages\/347\/revisions"}],"predecessor-version":[{"id":349,"href":"https:\/\/waldorf-ansbach.de\/index.php?rest_route=\/wp\/v2\/pages\/347\/revisions\/349"}],"wp:featuredmedia":[{"embeddable":true,"href":"https:\/\/waldorf-ansbach.de\/index.php?rest_route=\/wp\/v2\/media\/348"}],"wp:attachment":[{"href":"https:\/\/waldorf-ansbach.de\/index.php?rest_route=%2Fwp%2Fv2%2Fmedia&parent=347"}],"curies":[{"name":"wp","href":"https:\/\/api.w.org\/{rel}","templated":true}]}}