{"id":367,"date":"2024-07-22T22:21:04","date_gmt":"2024-07-22T20:21:04","guid":{"rendered":"https:\/\/waldorf-ansbach.de\/?page_id=367"},"modified":"2025-01-09T22:32:57","modified_gmt":"2025-01-09T21:32:57","slug":"feste-und-feiern","status":"publish","type":"page","link":"https:\/\/waldorf-ansbach.de\/?page_id=367","title":{"rendered":"Feste und Feiern"},"content":{"rendered":"\n<p>Die vielen wiederkehrenden Jahresfeste geben dem Kindergartenjahr seine zeitliche Ordnung. Erwachsene und Kinder werden durch diese Jahresrhythmen getragen, indem sie das Werden und Vergehen in der Natur erleben und beim Feiern der christlichen Jahresfeste die damit verbundenen geistigen und religi\u00f6sen Qualit\u00e4ten erfahren.\u00a0<\/p>\n\n\n\n<p>Der Erzieher hat hierbei die Aufgabe, diese gedanklich erarbeiteten Inhalte in f\u00fcr die&nbsp;Kinder erlebbare Sinneseindr\u00fccke zu kleiden. So werden Lieder, Geschichten, Fingerspiele, die Raumgestaltung und die T\u00e4tigkeiten auf die jeweilige Jahreszeit und die damit verbundenen Jahresfeste abgestimmt. Die Vorbereitung, der H\u00f6hepunkt und das Ausklingen eines Festes spiegeln ein lebendiges, rhythmisches Leben wider, in dem die Erde selbst als lebendiger Organismus den Menschen in ihre gro\u00dfen, weiten Atemvorg\u00e4nge einbezieht, wie sie sich im Wandel der Jahreszeiten zeigen.<\/p>\n\n\n\n<p>Es wird immer bekannt gegeben, ob die Feste mit oder ohne Eltern gefeiert werden. Typischerweise laden wir zum Johannifest, St. Martin bzw. Laternenumzug und zum Weihnachtsfest am Nachmittag die Eltern ein. Feierlichkeiten wie Ostern oder Pfingsten werden in der Regel vormittags im Kindergarten nur mit den Kindern begangen.<\/p>\n\n\n\n<p>Wichtig ist auch, dass den Kindern an ihrem Geburtstag ein Ehrentag zuteil wird. Es gibt Brezeln, Apfelsaft, Kuchen und der Kasperl bringt ein kleines Geschenk. Das Kind darf sich auch die Spiele aussuchen, die in der Gruppe gespielt werden.<\/p>\n","protected":false},"excerpt":{"rendered":"<p>Die vielen wiederkehrenden Jahresfeste geben dem Kindergartenjahr seine zeitliche Ordnung. Erwachsene und Kinder werden durch diese Jahresrhythmen getragen, indem sie das Werden und Vergehen in der Natur erleben und beim Feiern der christlichen Jahresfeste die damit verbundenen geistigen und religi\u00f6sen Qualit\u00e4ten erfahren.\u00a0 Der Erzieher hat hierbei die Aufgabe, diese gedanklich erarbeiteten Inhalte in f\u00fcr die&nbsp;Kinder &hellip; <\/p>\n<p class=\"link-more\"><a href=\"https:\/\/waldorf-ansbach.de\/?page_id=367\" class=\"more-link\"><span class=\"screen-reader-text\">\u201eFeste und Feiern\u201c<\/span> weiterlesen<\/a><\/p>\n","protected":false},"author":4,"featured_media":522,"parent":0,"menu_order":0,"comment_status":"closed","ping_status":"closed","template":"","meta":{"two_page_speed":[],"footnotes":""},"class_list":["post-367","page","type-page","status-publish","has-post-thumbnail","hentry"],"_links":{"self":[{"href":"https:\/\/waldorf-ansbach.de\/index.php?rest_route=\/wp\/v2\/pages\/367"}],"collection":[{"href":"https:\/\/waldorf-ansbach.de\/index.php?rest_route=\/wp\/v2\/pages"}],"about":[{"href":"https:\/\/waldorf-ansbach.de\/index.php?rest_route=\/wp\/v2\/types\/page"}],"author":[{"embeddable":true,"href":"https:\/\/waldorf-ansbach.de\/index.php?rest_route=\/wp\/v2\/users\/4"}],"replies":[{"embeddable":true,"href":"https:\/\/waldorf-ansbach.de\/index.php?rest_route=%2Fwp%2Fv2%2Fcomments&post=367"}],"version-history":[{"count":3,"href":"https:\/\/waldorf-ansbach.de\/index.php?rest_route=\/wp\/v2\/pages\/367\/revisions"}],"predecessor-version":[{"id":458,"href":"https:\/\/waldorf-ansbach.de\/index.php?rest_route=\/wp\/v2\/pages\/367\/revisions\/458"}],"wp:featuredmedia":[{"embeddable":true,"href":"https:\/\/waldorf-ansbach.de\/index.php?rest_route=\/wp\/v2\/media\/522"}],"wp:attachment":[{"href":"https:\/\/waldorf-ansbach.de\/index.php?rest_route=%2Fwp%2Fv2%2Fmedia&parent=367"}],"curies":[{"name":"wp","href":"https:\/\/api.w.org\/{rel}","templated":true}]}}