{"id":378,"date":"2024-07-22T22:45:06","date_gmt":"2024-07-22T20:45:06","guid":{"rendered":"https:\/\/waldorf-ansbach.de\/?page_id=378"},"modified":"2024-11-06T23:14:13","modified_gmt":"2024-11-06T22:14:13","slug":"taeglich-gartenzeit","status":"publish","type":"page","link":"https:\/\/waldorf-ansbach.de\/?page_id=378","title":{"rendered":"T\u00e4glich Gartenzeit"},"content":{"rendered":"\n<p>Der 6000 m<sup>2<\/sup> gro\u00dfe Garten l\u00e4dt uns t\u00e4glich zur Gartenzeit ein. Der Kontakt zur Natur, das Spielen im Freien ist uns ein besonderes Anliegen.<\/p>\n\n\n\n<p>Durch Aktivit\u00e4ten wie Klettern auf B\u00e4ume, Bezwingen der H\u00e4nge, Balancieren auf Baumst\u00e4mmen, freiz\u00fcgiges Rennen, sowie Lauschen, F\u00fchlen und Beobachten entwickeln die Kinder das ganze Jahr hindurch auf spielerische Weise ihre Sinne. Die Begegnung mit den Elementen Luft, Wasser und Erde erm\u00f6glicht den Kindern ein ganzheitliches Lernen und f\u00f6rdert den Respekt vor Pflanzen und Tieren.&nbsp;<\/p>\n\n\n\n<p>Im Winter lieben die Kinder das Schlitten Fahren auf dem Rodelberg im Garten.<\/p>\n\n\n\n<div class=\"wp-block-columns are-vertically-aligned-top is-layout-flex wp-container-core-columns-is-layout-2 wp-block-columns-is-layout-flex\">\n<div class=\"wp-block-column is-vertically-aligned-top is-layout-flow wp-block-column-is-layout-flow\" style=\"flex-basis:100%\">\n<div class=\"wp-block-columns is-layout-flex wp-container-core-columns-is-layout-1 wp-block-columns-is-layout-flex\">\n<div class=\"wp-block-column is-layout-flow wp-block-column-is-layout-flow\" style=\"flex-basis:100%\">\n<figure class=\"wp-block-gallery has-nested-images columns-default is-cropped wp-block-gallery-1 is-layout-flex wp-block-gallery-is-layout-flex\">\n<figure class=\"wp-block-image size-large\"><img loading=\"lazy\" decoding=\"async\" width=\"497\" height=\"1024\" src=\"https:\/\/waldorf-ansbach.de\/wp-content\/uploads\/2024\/07\/Waldorfkindergarten-Ansbach-Zwergenhaus-497x1024.jpg\" alt=\"\" class=\"wp-image-464\" srcset=\"https:\/\/waldorf-ansbach.de\/wp-content\/uploads\/2024\/07\/Waldorfkindergarten-Ansbach-Zwergenhaus-497x1024.jpg 497w, https:\/\/waldorf-ansbach.de\/wp-content\/uploads\/2024\/07\/Waldorfkindergarten-Ansbach-Zwergenhaus-146x300.jpg 146w, https:\/\/waldorf-ansbach.de\/wp-content\/uploads\/2024\/07\/Waldorfkindergarten-Ansbach-Zwergenhaus-768x1581.jpg 768w, https:\/\/waldorf-ansbach.de\/wp-content\/uploads\/2024\/07\/Waldorfkindergarten-Ansbach-Zwergenhaus-746x1536.jpg 746w, https:\/\/waldorf-ansbach.de\/wp-content\/uploads\/2024\/07\/Waldorfkindergarten-Ansbach-Zwergenhaus-291x600.jpg 291w, https:\/\/waldorf-ansbach.de\/wp-content\/uploads\/2024\/07\/Waldorfkindergarten-Ansbach-Zwergenhaus.jpg 777w\" sizes=\"(max-width: 497px) 100vw, 497px\" \/><\/figure>\n\n\n\n<figure class=\"wp-block-image size-large\"><img loading=\"lazy\" decoding=\"async\" width=\"1024\" height=\"683\" src=\"https:\/\/waldorf-ansbach.de\/wp-content\/uploads\/2024\/07\/Waldorf-Ansbach-Garten-Kinder-Wasser-1-1024x683.jpg\" alt=\"\" class=\"wp-image-435\" srcset=\"https:\/\/waldorf-ansbach.de\/wp-content\/uploads\/2024\/07\/Waldorf-Ansbach-Garten-Kinder-Wasser-1-1024x683.jpg 1024w, https:\/\/waldorf-ansbach.de\/wp-content\/uploads\/2024\/07\/Waldorf-Ansbach-Garten-Kinder-Wasser-1-300x200.jpg 300w, https:\/\/waldorf-ansbach.de\/wp-content\/uploads\/2024\/07\/Waldorf-Ansbach-Garten-Kinder-Wasser-1-768x512.jpg 768w, https:\/\/waldorf-ansbach.de\/wp-content\/uploads\/2024\/07\/Waldorf-Ansbach-Garten-Kinder-Wasser-1-1536x1024.jpg 1536w, https:\/\/waldorf-ansbach.de\/wp-content\/uploads\/2024\/07\/Waldorf-Ansbach-Garten-Kinder-Wasser-1-600x400.jpg 600w, https:\/\/waldorf-ansbach.de\/wp-content\/uploads\/2024\/07\/Waldorf-Ansbach-Garten-Kinder-Wasser-1.jpg 1776w\" sizes=\"(max-width: 767px) 89vw, (max-width: 1000px) 54vw, (max-width: 1071px) 543px, 580px\" \/><\/figure>\n<\/figure>\n<\/div>\n<\/div>\n\n\n\n<figure class=\"wp-block-gallery has-nested-images columns-default is-cropped wp-block-gallery-2 is-layout-flex wp-block-gallery-is-layout-flex\">\n<figure class=\"wp-block-image size-large\"><img loading=\"lazy\" decoding=\"async\" width=\"1024\" height=\"683\" src=\"https:\/\/waldorf-ansbach.de\/wp-content\/uploads\/2024\/07\/Waldorfkindergarten-Erzieher-mit-Kind-1024x683.jpg\" alt=\"\" class=\"wp-image-437\" srcset=\"https:\/\/waldorf-ansbach.de\/wp-content\/uploads\/2024\/07\/Waldorfkindergarten-Erzieher-mit-Kind-1024x683.jpg 1024w, https:\/\/waldorf-ansbach.de\/wp-content\/uploads\/2024\/07\/Waldorfkindergarten-Erzieher-mit-Kind-300x200.jpg 300w, https:\/\/waldorf-ansbach.de\/wp-content\/uploads\/2024\/07\/Waldorfkindergarten-Erzieher-mit-Kind-768x512.jpg 768w, https:\/\/waldorf-ansbach.de\/wp-content\/uploads\/2024\/07\/Waldorfkindergarten-Erzieher-mit-Kind-1536x1024.jpg 1536w, https:\/\/waldorf-ansbach.de\/wp-content\/uploads\/2024\/07\/Waldorfkindergarten-Erzieher-mit-Kind-600x400.jpg 600w, https:\/\/waldorf-ansbach.de\/wp-content\/uploads\/2024\/07\/Waldorfkindergarten-Erzieher-mit-Kind.jpg 1776w\" sizes=\"(max-width: 767px) 89vw, (max-width: 1000px) 54vw, (max-width: 1071px) 543px, 580px\" \/><\/figure>\n\n\n\n<figure class=\"wp-block-image size-large\"><img loading=\"lazy\" decoding=\"async\" width=\"1024\" height=\"768\" src=\"https:\/\/waldorf-ansbach.de\/wp-content\/uploads\/2024\/07\/Waldorf-Ansbach-Garten-Freispiel-1-1024x768.jpg\" alt=\"\" class=\"wp-image-467\" srcset=\"https:\/\/waldorf-ansbach.de\/wp-content\/uploads\/2024\/07\/Waldorf-Ansbach-Garten-Freispiel-1-1024x768.jpg 1024w, https:\/\/waldorf-ansbach.de\/wp-content\/uploads\/2024\/07\/Waldorf-Ansbach-Garten-Freispiel-1-300x225.jpg 300w, https:\/\/waldorf-ansbach.de\/wp-content\/uploads\/2024\/07\/Waldorf-Ansbach-Garten-Freispiel-1-768x576.jpg 768w, https:\/\/waldorf-ansbach.de\/wp-content\/uploads\/2024\/07\/Waldorf-Ansbach-Garten-Freispiel-1-1536x1152.jpg 1536w, https:\/\/waldorf-ansbach.de\/wp-content\/uploads\/2024\/07\/Waldorf-Ansbach-Garten-Freispiel-1-600x450.jpg 600w, https:\/\/waldorf-ansbach.de\/wp-content\/uploads\/2024\/07\/Waldorf-Ansbach-Garten-Freispiel-1.jpg 2016w\" sizes=\"(max-width: 767px) 89vw, (max-width: 1000px) 54vw, (max-width: 1071px) 543px, 580px\" \/><\/figure>\n<\/figure>\n\n\n\n<figure class=\"wp-block-gallery has-nested-images columns-default is-cropped wp-block-gallery-3 is-layout-flex wp-block-gallery-is-layout-flex\">\n<figure class=\"wp-block-image size-large\"><img loading=\"lazy\" decoding=\"async\" width=\"768\" height=\"1024\" src=\"https:\/\/waldorf-ansbach.de\/wp-content\/uploads\/2024\/07\/Waldorfkindergarten-Ansbach-Gartenzeit-im-Herbst-1-768x1024.jpg\" alt=\"\" class=\"wp-image-463\" srcset=\"https:\/\/waldorf-ansbach.de\/wp-content\/uploads\/2024\/07\/Waldorfkindergarten-Ansbach-Gartenzeit-im-Herbst-1-768x1024.jpg 768w, https:\/\/waldorf-ansbach.de\/wp-content\/uploads\/2024\/07\/Waldorfkindergarten-Ansbach-Gartenzeit-im-Herbst-1-225x300.jpg 225w, https:\/\/waldorf-ansbach.de\/wp-content\/uploads\/2024\/07\/Waldorfkindergarten-Ansbach-Gartenzeit-im-Herbst-1-1152x1536.jpg 1152w, https:\/\/waldorf-ansbach.de\/wp-content\/uploads\/2024\/07\/Waldorfkindergarten-Ansbach-Gartenzeit-im-Herbst-1-1536x2048.jpg 1536w, https:\/\/waldorf-ansbach.de\/wp-content\/uploads\/2024\/07\/Waldorfkindergarten-Ansbach-Gartenzeit-im-Herbst-1-450x600.jpg 450w, https:\/\/waldorf-ansbach.de\/wp-content\/uploads\/2024\/07\/Waldorfkindergarten-Ansbach-Gartenzeit-im-Herbst-1-scaled.jpg 1920w\" sizes=\"(max-width: 767px) 89vw, (max-width: 1000px) 54vw, (max-width: 1071px) 543px, 580px\" \/><\/figure>\n<\/figure>\n<\/div>\n<\/div>\n\n\n\n<figure class=\"wp-block-image size-large\"><img loading=\"lazy\" decoding=\"async\" width=\"1024\" height=\"683\" src=\"https:\/\/waldorf-ansbach.de\/wp-content\/uploads\/2024\/07\/Waldorf-Ansbach-Garten-Kinder-1024x683.jpg\" alt=\"Kinder pfl\u00fccken Johannisbeeren am Strauch\" class=\"wp-image-417\" srcset=\"https:\/\/waldorf-ansbach.de\/wp-content\/uploads\/2024\/07\/Waldorf-Ansbach-Garten-Kinder-1024x683.jpg 1024w, https:\/\/waldorf-ansbach.de\/wp-content\/uploads\/2024\/07\/Waldorf-Ansbach-Garten-Kinder-300x200.jpg 300w, https:\/\/waldorf-ansbach.de\/wp-content\/uploads\/2024\/07\/Waldorf-Ansbach-Garten-Kinder-768x512.jpg 768w, https:\/\/waldorf-ansbach.de\/wp-content\/uploads\/2024\/07\/Waldorf-Ansbach-Garten-Kinder-1536x1024.jpg 1536w, https:\/\/waldorf-ansbach.de\/wp-content\/uploads\/2024\/07\/Waldorf-Ansbach-Garten-Kinder-600x400.jpg 600w, https:\/\/waldorf-ansbach.de\/wp-content\/uploads\/2024\/07\/Waldorf-Ansbach-Garten-Kinder.jpg 1776w\" sizes=\"(max-width: 767px) 89vw, (max-width: 1000px) 54vw, (max-width: 1071px) 543px, 580px\" \/><\/figure>\n","protected":false},"excerpt":{"rendered":"<p>Der 6000 m2 gro\u00dfe Garten l\u00e4dt uns t\u00e4glich zur Gartenzeit ein. Der Kontakt zur Natur, das Spielen im Freien ist uns ein besonderes Anliegen. Durch Aktivit\u00e4ten wie Klettern auf B\u00e4ume, Bezwingen der H\u00e4nge, Balancieren auf Baumst\u00e4mmen, freiz\u00fcgiges Rennen, sowie Lauschen, F\u00fchlen und Beobachten entwickeln die Kinder das ganze Jahr hindurch auf spielerische Weise ihre Sinne. &hellip; <\/p>\n<p class=\"link-more\"><a href=\"https:\/\/waldorf-ansbach.de\/?page_id=378\" class=\"more-link\"><span class=\"screen-reader-text\">\u201eT\u00e4glich Gartenzeit\u201c<\/span> weiterlesen<\/a><\/p>\n","protected":false},"author":4,"featured_media":509,"parent":0,"menu_order":0,"comment_status":"closed","ping_status":"closed","template":"","meta":{"two_page_speed":[],"footnotes":""},"class_list":["post-378","page","type-page","status-publish","has-post-thumbnail","hentry"],"_links":{"self":[{"href":"https:\/\/waldorf-ansbach.de\/index.php?rest_route=\/wp\/v2\/pages\/378"}],"collection":[{"href":"https:\/\/waldorf-ansbach.de\/index.php?rest_route=\/wp\/v2\/pages"}],"about":[{"href":"https:\/\/waldorf-ansbach.de\/index.php?rest_route=\/wp\/v2\/types\/page"}],"author":[{"embeddable":true,"href":"https:\/\/waldorf-ansbach.de\/index.php?rest_route=\/wp\/v2\/users\/4"}],"replies":[{"embeddable":true,"href":"https:\/\/waldorf-ansbach.de\/index.php?rest_route=%2Fwp%2Fv2%2Fcomments&post=378"}],"version-history":[{"count":6,"href":"https:\/\/waldorf-ansbach.de\/index.php?rest_route=\/wp\/v2\/pages\/378\/revisions"}],"predecessor-version":[{"id":514,"href":"https:\/\/waldorf-ansbach.de\/index.php?rest_route=\/wp\/v2\/pages\/378\/revisions\/514"}],"wp:featuredmedia":[{"embeddable":true,"href":"https:\/\/waldorf-ansbach.de\/index.php?rest_route=\/wp\/v2\/media\/509"}],"wp:attachment":[{"href":"https:\/\/waldorf-ansbach.de\/index.php?rest_route=%2Fwp%2Fv2%2Fmedia&parent=378"}],"curies":[{"name":"wp","href":"https:\/\/api.w.org\/{rel}","templated":true}]}}