{"id":390,"date":"2024-07-22T23:14:12","date_gmt":"2024-07-22T21:14:12","guid":{"rendered":"https:\/\/waldorf-ansbach.de\/?page_id=390"},"modified":"2024-07-29T22:38:07","modified_gmt":"2024-07-29T20:38:07","slug":"sinnvolle-beschaeftigungen","status":"publish","type":"page","link":"https:\/\/waldorf-ansbach.de\/?page_id=390","title":{"rendered":"Sinnvolle Besch\u00e4ftigungen"},"content":{"rendered":"\n<p>Unser Tagesablauf ist so gestaltet, dass die Kinder durch entsprechende T\u00e4tigkeitsangebote in Haus und Garten die M\u00f6glichkeit bekommen, aktiv am \u201eechten Leben\u201c teilzunehmen. Wir verstehen uns als einen gro\u00dfen Haushalt, der zu versorgen ist. Dabei versuchen wir, ein m\u00f6glichst vielseitiges und f\u00fcr das Kind durchschaubares T\u00e4tigkeitsfeld entstehen zu lassen:\u00a0Wir backen unser Brot selbst.\u00a0Wir reparieren Spielzeug.\u00a0Wir k\u00fcmmern uns um verschiedene Gartenarbeiten, wie Blumen gie\u00dfen, Pflanzen,\u00a0S\u00e4en, K\u00e4fer und Schnecken und W\u00fcrmer \u201cretten\u201d. Den Kindern sollen damit sinnvolle, nachahmenswerte T\u00e4tigkeiten vorgelebt werden. <\/p>\n\n\n\n<p>Um den Kindern dar\u00fcber hinaus vielf\u00e4ltige M\u00f6glichkeiten f\u00fcr eine unmittelbare Auseinandersetzung mit der Natur und den jahreszeitlichen Erscheinungen zu geben, werden einzelne Bereiche in sogenannten Projekten vertieft:\u00a0Zur Erntezeit werden Fr\u00fcchte und Gem\u00fcse gemeinsam geerntet und zu Kompott, S\u00e4ften, Marmeladen und Suppen verarbeitet. Aus unseren \u00c4pfeln im Garten pressen wir Apfelsaft.\u00a0Aus unserem Kr\u00e4utergarten ernten wir Kr\u00e4uter, die getrocknet oder f\u00fcr Getr\u00e4nke verwendet werden.\u00a0<\/p>\n\n\n\n<p><\/p>\n","protected":false},"excerpt":{"rendered":"<p>Unser Tagesablauf ist so gestaltet, dass die Kinder durch entsprechende T\u00e4tigkeitsangebote in Haus und Garten die M\u00f6glichkeit bekommen, aktiv am \u201eechten Leben\u201c teilzunehmen. Wir verstehen uns als einen gro\u00dfen Haushalt, der zu versorgen ist. Dabei versuchen wir, ein m\u00f6glichst vielseitiges und f\u00fcr das Kind durchschaubares T\u00e4tigkeitsfeld entstehen zu lassen:\u00a0Wir backen unser Brot selbst.\u00a0Wir reparieren Spielzeug.\u00a0Wir &hellip; <\/p>\n<p class=\"link-more\"><a href=\"https:\/\/waldorf-ansbach.de\/?page_id=390\" class=\"more-link\"><span class=\"screen-reader-text\">\u201eSinnvolle Besch\u00e4ftigungen\u201c<\/span> weiterlesen<\/a><\/p>\n","protected":false},"author":4,"featured_media":475,"parent":0,"menu_order":0,"comment_status":"closed","ping_status":"closed","template":"","meta":{"two_page_speed":[],"footnotes":""},"class_list":["post-390","page","type-page","status-publish","has-post-thumbnail","hentry"],"_links":{"self":[{"href":"https:\/\/waldorf-ansbach.de\/index.php?rest_route=\/wp\/v2\/pages\/390"}],"collection":[{"href":"https:\/\/waldorf-ansbach.de\/index.php?rest_route=\/wp\/v2\/pages"}],"about":[{"href":"https:\/\/waldorf-ansbach.de\/index.php?rest_route=\/wp\/v2\/types\/page"}],"author":[{"embeddable":true,"href":"https:\/\/waldorf-ansbach.de\/index.php?rest_route=\/wp\/v2\/users\/4"}],"replies":[{"embeddable":true,"href":"https:\/\/waldorf-ansbach.de\/index.php?rest_route=%2Fwp%2Fv2%2Fcomments&post=390"}],"version-history":[{"count":1,"href":"https:\/\/waldorf-ansbach.de\/index.php?rest_route=\/wp\/v2\/pages\/390\/revisions"}],"predecessor-version":[{"id":391,"href":"https:\/\/waldorf-ansbach.de\/index.php?rest_route=\/wp\/v2\/pages\/390\/revisions\/391"}],"wp:featuredmedia":[{"embeddable":true,"href":"https:\/\/waldorf-ansbach.de\/index.php?rest_route=\/wp\/v2\/media\/475"}],"wp:attachment":[{"href":"https:\/\/waldorf-ansbach.de\/index.php?rest_route=%2Fwp%2Fv2%2Fmedia&parent=390"}],"curies":[{"name":"wp","href":"https:\/\/api.w.org\/{rel}","templated":true}]}}