{"id":397,"date":"2024-07-22T23:21:24","date_gmt":"2024-07-22T21:21:24","guid":{"rendered":"https:\/\/waldorf-ansbach.de\/?page_id=397"},"modified":"2024-07-29T23:01:48","modified_gmt":"2024-07-29T21:01:48","slug":"eurhythmie","status":"publish","type":"page","link":"https:\/\/waldorf-ansbach.de\/?page_id=397","title":{"rendered":"Eurhythmie"},"content":{"rendered":"\n<p>Eurythmie hei\u00dft \u00fcbersetzt: sch\u00f6ne Bewegung. Sie ist ein seelischer Bewegungstanz, bei dem Laute durch Bewegung sichtbar gemacht werden. Diese freudig ausgef\u00fchrten Bewegungen nach musikalischem Rhythmus st\u00e4rken den Lebenswillen und durch Wiederholung die Lebenskr\u00e4fte. Ein speziell daf\u00fcr ausgebildete Eurythmielehrerin spricht bzw. singt Texte, Kinderreime und Lieder und begleitet sie mit entsprechenden&nbsp;<\/p>\n\n\n\n<p>Bewegungen und Gesten. Die Kinder ahmen diese in den regelm\u00e4\u00dfig stattfindenden Eurythmiestunden auf ihre eigene Weise nach, wodurch die ganzheitliche Entwicklung des Kindes angeregt wird.&nbsp;<\/p>\n","protected":false},"excerpt":{"rendered":"<p>Eurythmie hei\u00dft \u00fcbersetzt: sch\u00f6ne Bewegung. Sie ist ein seelischer Bewegungstanz, bei dem Laute durch Bewegung sichtbar gemacht werden. Diese freudig ausgef\u00fchrten Bewegungen nach musikalischem Rhythmus st\u00e4rken den Lebenswillen und durch Wiederholung die Lebenskr\u00e4fte. Ein speziell daf\u00fcr ausgebildete Eurythmielehrerin spricht bzw. singt Texte, Kinderreime und Lieder und begleitet sie mit entsprechenden&nbsp; Bewegungen und Gesten. Die Kinder &hellip; <\/p>\n<p class=\"link-more\"><a href=\"https:\/\/waldorf-ansbach.de\/?page_id=397\" class=\"more-link\"><span class=\"screen-reader-text\">\u201eEurhythmie\u201c<\/span> weiterlesen<\/a><\/p>\n","protected":false},"author":4,"featured_media":485,"parent":0,"menu_order":0,"comment_status":"closed","ping_status":"closed","template":"","meta":{"two_page_speed":[],"footnotes":""},"class_list":["post-397","page","type-page","status-publish","has-post-thumbnail","hentry"],"_links":{"self":[{"href":"https:\/\/waldorf-ansbach.de\/index.php?rest_route=\/wp\/v2\/pages\/397"}],"collection":[{"href":"https:\/\/waldorf-ansbach.de\/index.php?rest_route=\/wp\/v2\/pages"}],"about":[{"href":"https:\/\/waldorf-ansbach.de\/index.php?rest_route=\/wp\/v2\/types\/page"}],"author":[{"embeddable":true,"href":"https:\/\/waldorf-ansbach.de\/index.php?rest_route=\/wp\/v2\/users\/4"}],"replies":[{"embeddable":true,"href":"https:\/\/waldorf-ansbach.de\/index.php?rest_route=%2Fwp%2Fv2%2Fcomments&post=397"}],"version-history":[{"count":1,"href":"https:\/\/waldorf-ansbach.de\/index.php?rest_route=\/wp\/v2\/pages\/397\/revisions"}],"predecessor-version":[{"id":398,"href":"https:\/\/waldorf-ansbach.de\/index.php?rest_route=\/wp\/v2\/pages\/397\/revisions\/398"}],"wp:featuredmedia":[{"embeddable":true,"href":"https:\/\/waldorf-ansbach.de\/index.php?rest_route=\/wp\/v2\/media\/485"}],"wp:attachment":[{"href":"https:\/\/waldorf-ansbach.de\/index.php?rest_route=%2Fwp%2Fv2%2Fmedia&parent=397"}],"curies":[{"name":"wp","href":"https:\/\/api.w.org\/{rel}","templated":true}]}}