{"id":400,"date":"2024-07-22T23:22:24","date_gmt":"2024-07-22T21:22:24","guid":{"rendered":"https:\/\/waldorf-ansbach.de\/?page_id=400"},"modified":"2024-07-22T23:22:25","modified_gmt":"2024-07-22T21:22:25","slug":"reigen","status":"publish","type":"page","link":"https:\/\/waldorf-ansbach.de\/?page_id=400","title":{"rendered":"Reigen"},"content":{"rendered":"\n<p>Der Reigen ist ein wesentlicher Bestandteil im Kindergartentageslauf. Er ist eine Komposition von Liedern und Texten. Die Erzieherin spricht und singt, wobei sie die entsprechenden Geb\u00e4rden und Gesten m\u00f6glichst eindeutig und wahrhaftig vormacht.&nbsp;<\/p>\n\n\n\n<p>Die Kinder ahmen diese Bewegungen individuell nach. Im Reigen wird das Leben auf dieser Erde durch die Themenwahl der Erzieher (Jahreszeiten, Urbilder der M\u00e4rchen, handwerkliche T\u00e4tigkeiten) in vielf\u00e4ltiger Weise an die kleinen Kinder herangebracht. Dar\u00fcber hinaus f\u00f6rdert der Reigen auf unbewusste Weise die Bewegungs- und Sprachentwicklung des Kindes.&nbsp;<\/p>\n","protected":false},"excerpt":{"rendered":"<p>Der Reigen ist ein wesentlicher Bestandteil im Kindergartentageslauf. Er ist eine Komposition von Liedern und Texten. Die Erzieherin spricht und singt, wobei sie die entsprechenden Geb\u00e4rden und Gesten m\u00f6glichst eindeutig und wahrhaftig vormacht.&nbsp; Die Kinder ahmen diese Bewegungen individuell nach. Im Reigen wird das Leben auf dieser Erde durch die Themenwahl der Erzieher (Jahreszeiten, Urbilder &hellip; <\/p>\n<p class=\"link-more\"><a href=\"https:\/\/waldorf-ansbach.de\/?page_id=400\" class=\"more-link\"><span class=\"screen-reader-text\">\u201eReigen\u201c<\/span> weiterlesen<\/a><\/p>\n","protected":false},"author":4,"featured_media":328,"parent":0,"menu_order":0,"comment_status":"closed","ping_status":"closed","template":"","meta":{"two_page_speed":[],"footnotes":""},"class_list":["post-400","page","type-page","status-publish","has-post-thumbnail","hentry"],"_links":{"self":[{"href":"https:\/\/waldorf-ansbach.de\/index.php?rest_route=\/wp\/v2\/pages\/400"}],"collection":[{"href":"https:\/\/waldorf-ansbach.de\/index.php?rest_route=\/wp\/v2\/pages"}],"about":[{"href":"https:\/\/waldorf-ansbach.de\/index.php?rest_route=\/wp\/v2\/types\/page"}],"author":[{"embeddable":true,"href":"https:\/\/waldorf-ansbach.de\/index.php?rest_route=\/wp\/v2\/users\/4"}],"replies":[{"embeddable":true,"href":"https:\/\/waldorf-ansbach.de\/index.php?rest_route=%2Fwp%2Fv2%2Fcomments&post=400"}],"version-history":[{"count":1,"href":"https:\/\/waldorf-ansbach.de\/index.php?rest_route=\/wp\/v2\/pages\/400\/revisions"}],"predecessor-version":[{"id":401,"href":"https:\/\/waldorf-ansbach.de\/index.php?rest_route=\/wp\/v2\/pages\/400\/revisions\/401"}],"wp:featuredmedia":[{"embeddable":true,"href":"https:\/\/waldorf-ansbach.de\/index.php?rest_route=\/wp\/v2\/media\/328"}],"wp:attachment":[{"href":"https:\/\/waldorf-ansbach.de\/index.php?rest_route=%2Fwp%2Fv2%2Fmedia&parent=400"}],"curies":[{"name":"wp","href":"https:\/\/api.w.org\/{rel}","templated":true}]}}