{"id":411,"date":"2024-07-22T23:43:28","date_gmt":"2024-07-22T21:43:28","guid":{"rendered":"https:\/\/waldorf-ansbach.de\/?page_id=411"},"modified":"2024-07-22T23:46:00","modified_gmt":"2024-07-22T21:46:00","slug":"inklusive-und-integration","status":"publish","type":"page","link":"https:\/\/waldorf-ansbach.de\/?page_id=411","title":{"rendered":"Inklusion und Integration"},"content":{"rendered":"\n<p>Integration bedeutet f\u00fcr uns nicht die Anpassung des Besonderen an die Mehrheit, sondern die Bildung einer Gemeinschaft, die alle umfassen kann. Konkret bedeutet dies, dass nicht alle Kinder das Gleiche tun, sondern dass jedes Kind auf seine Weise, nach seiner Konstitution und seinem Entwicklungsstand in die Gemeinschaft eingegliedert ist.\u00a0<br>Unser strukturierter Tages- und Wochenverlauf, der rhythmisch gegliederte Tag mit\u00a0Ritualen und Wiederholungen vermittelt den Kindern ein Gef\u00fchl der\u00a0Sicherheit und Geborgenheit. In aller Ruhe k\u00f6nnen sie sich auf die Umgebung und ihre Menschen einstellen.\u00a0<\/p>\n\n\n\n<p>Kinder mit besonderem F\u00f6rderbedarf stellen wir \u00fcber Elterngespr\u00e4che und\u00a0Empfehlungen m\u00f6gliche F\u00f6rdereinrichtungen vor, die extern sich anbieten. Auch ein\u00a0 R\u00fcckzugsraum f\u00fcr eine individuelle F\u00f6rderung durch externe Therapeuten ist ab der\u00a0Mittagszeit vorhanden. Dies ist f\u00fcr die Familien komfortabel, da die Eltern diese\u00a0Termine nicht au\u00dferhalb der Betreuungszeit ihrer Kinder wahrnehmen m\u00fcssen und die Kinder nicht zus\u00e4tzlich zu anderen Terminen mitgenommen werden m\u00fcssen. So gewinnen die Familien Zeitfreir\u00e4ume zur Regeneration bzw. zur gemeinsam genutzten Familienzeit.\u00a0<\/p>\n","protected":false},"excerpt":{"rendered":"<p>Integration bedeutet f\u00fcr uns nicht die Anpassung des Besonderen an die Mehrheit, sondern die Bildung einer Gemeinschaft, die alle umfassen kann. Konkret bedeutet dies, dass nicht alle Kinder das Gleiche tun, sondern dass jedes Kind auf seine Weise, nach seiner Konstitution und seinem Entwicklungsstand in die Gemeinschaft eingegliedert ist.\u00a0Unser strukturierter Tages- und Wochenverlauf, der rhythmisch &hellip; <\/p>\n<p class=\"link-more\"><a href=\"https:\/\/waldorf-ansbach.de\/?page_id=411\" class=\"more-link\"><span class=\"screen-reader-text\">\u201eInklusion und Integration\u201c<\/span> weiterlesen<\/a><\/p>\n","protected":false},"author":4,"featured_media":415,"parent":0,"menu_order":0,"comment_status":"closed","ping_status":"closed","template":"","meta":{"two_page_speed":[],"footnotes":""},"class_list":["post-411","page","type-page","status-publish","has-post-thumbnail","hentry"],"_links":{"self":[{"href":"https:\/\/waldorf-ansbach.de\/index.php?rest_route=\/wp\/v2\/pages\/411"}],"collection":[{"href":"https:\/\/waldorf-ansbach.de\/index.php?rest_route=\/wp\/v2\/pages"}],"about":[{"href":"https:\/\/waldorf-ansbach.de\/index.php?rest_route=\/wp\/v2\/types\/page"}],"author":[{"embeddable":true,"href":"https:\/\/waldorf-ansbach.de\/index.php?rest_route=\/wp\/v2\/users\/4"}],"replies":[{"embeddable":true,"href":"https:\/\/waldorf-ansbach.de\/index.php?rest_route=%2Fwp%2Fv2%2Fcomments&post=411"}],"version-history":[{"count":2,"href":"https:\/\/waldorf-ansbach.de\/index.php?rest_route=\/wp\/v2\/pages\/411\/revisions"}],"predecessor-version":[{"id":414,"href":"https:\/\/waldorf-ansbach.de\/index.php?rest_route=\/wp\/v2\/pages\/411\/revisions\/414"}],"wp:featuredmedia":[{"embeddable":true,"href":"https:\/\/waldorf-ansbach.de\/index.php?rest_route=\/wp\/v2\/media\/415"}],"wp:attachment":[{"href":"https:\/\/waldorf-ansbach.de\/index.php?rest_route=%2Fwp%2Fv2%2Fmedia&parent=411"}],"curies":[{"name":"wp","href":"https:\/\/api.w.org\/{rel}","templated":true}]}}