{"id":9,"date":"2017-02-22T17:49:01","date_gmt":"2017-02-22T16:49:01","guid":{"rendered":"http:\/\/waldorf-ansbach.de\/wordpress\/?page_id=9"},"modified":"2024-12-30T14:37:27","modified_gmt":"2024-12-30T13:37:27","slug":"kontakt","status":"publish","type":"page","link":"https:\/\/waldorf-ansbach.de\/?page_id=9","title":{"rendered":"Kontakt"},"content":{"rendered":"\n<p>Tags\u00fcber steht meistens ein Teammitglied telefonisch zur Verf\u00fcgung. Sie erreichen uns unter 0981 &#8211; 65973. Fragen beantworten wir gerne auch per E-Mail \u00fcber <a href=\"mailto:verwaltung@waldorf-ansbach.de\">verwaltung@waldorf-ansbach.de<\/a>. <\/p>\n\n\n\n<p>Jutta Bergauer hat die Leitung des Kindergartens inne. Ihre Stellvertreterin ist Birgit Ortner. Alle Teammitglieder beantworten gerne jederzeit Ihre Fragen.<\/p>\n\n\n\n<p>Zus\u00e4tzlich sind wir jederzeit offen, neue Kollegen und Kolleginnen kennenzulernen. Bewerben Sie sich gerne bei uns.<\/p>\n","protected":false},"excerpt":{"rendered":"<p>Tags\u00fcber steht meistens ein Teammitglied telefonisch zur Verf\u00fcgung. Sie erreichen uns unter 0981 &#8211; 65973. Fragen beantworten wir gerne auch per E-Mail \u00fcber verwaltung@waldorf-ansbach.de. Jutta Bergauer hat die Leitung des Kindergartens inne. Ihre Stellvertreterin ist Birgit Ortner. Alle Teammitglieder beantworten gerne jederzeit Ihre Fragen. Zus\u00e4tzlich sind wir jederzeit offen, neue Kollegen und Kolleginnen kennenzulernen. Bewerben &hellip; <\/p>\n<p class=\"link-more\"><a href=\"https:\/\/waldorf-ansbach.de\/?page_id=9\" class=\"more-link\"><span class=\"screen-reader-text\">\u201eKontakt\u201c<\/span> weiterlesen<\/a><\/p>\n","protected":false},"author":1,"featured_media":352,"parent":0,"menu_order":0,"comment_status":"closed","ping_status":"closed","template":"","meta":{"two_page_speed":[],"footnotes":""},"class_list":["post-9","page","type-page","status-publish","has-post-thumbnail","hentry"],"_links":{"self":[{"href":"https:\/\/waldorf-ansbach.de\/index.php?rest_route=\/wp\/v2\/pages\/9"}],"collection":[{"href":"https:\/\/waldorf-ansbach.de\/index.php?rest_route=\/wp\/v2\/pages"}],"about":[{"href":"https:\/\/waldorf-ansbach.de\/index.php?rest_route=\/wp\/v2\/types\/page"}],"author":[{"embeddable":true,"href":"https:\/\/waldorf-ansbach.de\/index.php?rest_route=\/wp\/v2\/users\/1"}],"replies":[{"embeddable":true,"href":"https:\/\/waldorf-ansbach.de\/index.php?rest_route=%2Fwp%2Fv2%2Fcomments&post=9"}],"version-history":[{"count":14,"href":"https:\/\/waldorf-ansbach.de\/index.php?rest_route=\/wp\/v2\/pages\/9\/revisions"}],"predecessor-version":[{"id":520,"href":"https:\/\/waldorf-ansbach.de\/index.php?rest_route=\/wp\/v2\/pages\/9\/revisions\/520"}],"wp:featuredmedia":[{"embeddable":true,"href":"https:\/\/waldorf-ansbach.de\/index.php?rest_route=\/wp\/v2\/media\/352"}],"wp:attachment":[{"href":"https:\/\/waldorf-ansbach.de\/index.php?rest_route=%2Fwp%2Fv2%2Fmedia&parent=9"}],"curies":[{"name":"wp","href":"https:\/\/api.w.org\/{rel}","templated":true}]}}