{"id":93,"date":"2017-02-24T08:58:35","date_gmt":"2017-02-24T07:58:35","guid":{"rendered":"http:\/\/waldorf-ansbach.de\/wordpress\/?page_id=93"},"modified":"2024-07-29T22:39:56","modified_gmt":"2024-07-29T20:39:56","slug":"geschichte","status":"publish","type":"page","link":"https:\/\/waldorf-ansbach.de\/?page_id=93","title":{"rendered":"Wie es dazu kam&#8230;"},"content":{"rendered":"<p>Interesse an Waldorfp\u00e4dagogik, an der anthroposophischen Menschenkunden und der Anthroposophie war es, dass einen Kreis von Menschen in Ansbach in den 80er Jahren zusammenf\u00fchrte.<\/p>\n<p>Im gemeinsamen Leben, Musizieren, handwerklichen Gestalten und Eurythmie manifestierte sich der Wunsch, einen Waldorfkindergarten aufzubauen.<\/p>\n<p>Im Herbst 1987 wurde folgerichtig der \u201eVerein zur F\u00f6rderung der Waldorfp\u00e4dagogik Ansbach e.V.\u201c gegr\u00fcndet. Von nun ab gab es regelm\u00e4\u00dfige Veranstaltungen wie Vortr\u00e4ge, Spielfeste und Waldorfpuppenkurse.<\/p>\n<p>Schon mit Beginn der Vereinsgr\u00fcndung kn\u00fcpften die verantwortlichen Vereinsmitglieder Kontakte zum Jugendamt, zur Regierung, zur Internationalen Vereinigung der Waldorfkinderg\u00e4rten und den Vertretern der bayerischen Waldorfkinderg\u00e4rten.<\/p>\n<p>In Arbeitskreisen wurden die Grundlagen f\u00fcr die Er\u00f6ffnung des Kindergartens erarbeitet. Im September 1990, nach monatelanger, flei\u00dfiger Renovierungsarbeit durch die Eltern einer Mutter-Kind-Gruppe, er\u00f6ffnete der Waldorfkindergarten zum ersten Mal f\u00fcr damals 16 Kinder seine Pforten.<\/p>\n<p>Der Ausbau und die Aufrechterhaltung des Waldorfkindergartens Ansbach war und ist nur m\u00f6glich durch die tragende Gemeinschaft von Eltern, Erzieherinnen und Vereinsmitgliedern, die bereit ist, den Verein tatkr\u00e4ftig zu unterst\u00fctzen.<\/p>\n<p>Der Verein hat sich inzwischen zu &#8222;Waldorfkindergarten Ansbach e.V.&#8220; umbenannt.<\/p>\n","protected":false},"excerpt":{"rendered":"<p>Interesse an Waldorfp\u00e4dagogik, an der anthroposophischen Menschenkunden und der Anthroposophie war es, dass einen Kreis von Menschen in Ansbach in den 80er Jahren zusammenf\u00fchrte. Im gemeinsamen Leben, Musizieren, handwerklichen Gestalten und Eurythmie manifestierte sich der Wunsch, einen Waldorfkindergarten aufzubauen. Im Herbst 1987 wurde folgerichtig der \u201eVerein zur F\u00f6rderung der Waldorfp\u00e4dagogik Ansbach e.V.\u201c gegr\u00fcndet. Von nun &hellip; <\/p>\n<p class=\"link-more\"><a href=\"https:\/\/waldorf-ansbach.de\/?page_id=93\" class=\"more-link\"><span class=\"screen-reader-text\">\u201eWie es dazu kam&#8230;\u201c<\/span> weiterlesen<\/a><\/p>\n","protected":false},"author":1,"featured_media":420,"parent":8,"menu_order":10,"comment_status":"closed","ping_status":"closed","template":"","meta":{"two_page_speed":[],"footnotes":""},"class_list":["post-93","page","type-page","status-publish","has-post-thumbnail","hentry"],"_links":{"self":[{"href":"https:\/\/waldorf-ansbach.de\/index.php?rest_route=\/wp\/v2\/pages\/93"}],"collection":[{"href":"https:\/\/waldorf-ansbach.de\/index.php?rest_route=\/wp\/v2\/pages"}],"about":[{"href":"https:\/\/waldorf-ansbach.de\/index.php?rest_route=\/wp\/v2\/types\/page"}],"author":[{"embeddable":true,"href":"https:\/\/waldorf-ansbach.de\/index.php?rest_route=\/wp\/v2\/users\/1"}],"replies":[{"embeddable":true,"href":"https:\/\/waldorf-ansbach.de\/index.php?rest_route=%2Fwp%2Fv2%2Fcomments&post=93"}],"version-history":[{"count":5,"href":"https:\/\/waldorf-ansbach.de\/index.php?rest_route=\/wp\/v2\/pages\/93\/revisions"}],"predecessor-version":[{"id":331,"href":"https:\/\/waldorf-ansbach.de\/index.php?rest_route=\/wp\/v2\/pages\/93\/revisions\/331"}],"up":[{"embeddable":true,"href":"https:\/\/waldorf-ansbach.de\/index.php?rest_route=\/wp\/v2\/pages\/8"}],"wp:featuredmedia":[{"embeddable":true,"href":"https:\/\/waldorf-ansbach.de\/index.php?rest_route=\/wp\/v2\/media\/420"}],"wp:attachment":[{"href":"https:\/\/waldorf-ansbach.de\/index.php?rest_route=%2Fwp%2Fv2%2Fmedia&parent=93"}],"curies":[{"name":"wp","href":"https:\/\/api.w.org\/{rel}","templated":true}]}}