{"id":95,"date":"2017-02-24T08:59:09","date_gmt":"2017-02-24T07:59:09","guid":{"rendered":"http:\/\/waldorf-ansbach.de\/wordpress\/?page_id=95"},"modified":"2024-07-24T10:01:31","modified_gmt":"2024-07-24T08:01:31","slug":"unsere-paedagogik","status":"publish","type":"page","link":"https:\/\/waldorf-ansbach.de\/?page_id=95","title":{"rendered":"Unser Erziehungsstil"},"content":{"rendered":"\n<p>Die Erzieher haben eine starke Vorbildfunktion, denn wir legen den Glauben an die Nachahmung der Erwachsenen durch die Kinder zugrunde. Der Erwachsene ist Vorbild f\u00fcr das Kind, denn: Das Kind lernt Mensch Sein nur am Menschen. <\/p>\n\n\n\n<p>Dabei ist die tiefe Beziehung zum Kind das grundlegende Element. Die Aufgabe der Erzieher besteht darin, die unverwechselbare Individualit\u00e4t des Kindes wahrzunehmen. Aus unserem Menschenbild heraus verstehen sich die Erzieherinnen und Erzieher in unserer Einrichtung als \u201eBegleiter\u201c auf einem St\u00fcck des Lebensweges der Kinder. Eine liebevolle Zuwendung und das Aufbauen einer vertrauensw\u00fcrdigen und verl\u00e4sslichen Bindung bilden daf\u00fcr den entscheidenden N\u00e4hrboden.<br>Wesentliche Merkmale dieses Prozesses sind die stete Bereitschaft zur Selbsterziehung, die eigene Ver\u00e4nderungsbereitschaft, Entwicklungsoffenheit und die Bereitschaft, das Kind wahrzunehmen.<\/p>\n\n\n\n<p><br>Der Erzieher begegnet dem Kind weder in einengender, autorit\u00e4rer noch in f\u00fchrungsloser, antiautorit\u00e4rer Weise, sondern in einer sogenannten nicht-direktiven Weise. Kinder brauchen Regeln, Rituale, Eindeutigkeit, Wahrhaftigkeit und ein Vorleben von Achtung und Dankbarkeit gegen\u00fcber der Sch\u00f6pfung. Wir gehen liebevoll und offen miteinander um und achten einander.<\/p>\n","protected":false},"excerpt":{"rendered":"<p>Die Erzieher haben eine starke Vorbildfunktion, denn wir legen den Glauben an die Nachahmung der Erwachsenen durch die Kinder zugrunde. Der Erwachsene ist Vorbild f\u00fcr das Kind, denn: Das Kind lernt Mensch Sein nur am Menschen. Dabei ist die tiefe Beziehung zum Kind das grundlegende Element. Die Aufgabe der Erzieher besteht darin, die unverwechselbare Individualit\u00e4t &hellip; <\/p>\n<p class=\"link-more\"><a href=\"https:\/\/waldorf-ansbach.de\/?page_id=95\" class=\"more-link\"><span class=\"screen-reader-text\">\u201eUnser Erziehungsstil\u201c<\/span> weiterlesen<\/a><\/p>\n","protected":false},"author":1,"featured_media":330,"parent":8,"menu_order":2,"comment_status":"closed","ping_status":"closed","template":"","meta":{"two_page_speed":[],"footnotes":""},"class_list":["post-95","page","type-page","status-publish","has-post-thumbnail","hentry"],"_links":{"self":[{"href":"https:\/\/waldorf-ansbach.de\/index.php?rest_route=\/wp\/v2\/pages\/95"}],"collection":[{"href":"https:\/\/waldorf-ansbach.de\/index.php?rest_route=\/wp\/v2\/pages"}],"about":[{"href":"https:\/\/waldorf-ansbach.de\/index.php?rest_route=\/wp\/v2\/types\/page"}],"author":[{"embeddable":true,"href":"https:\/\/waldorf-ansbach.de\/index.php?rest_route=\/wp\/v2\/users\/1"}],"replies":[{"embeddable":true,"href":"https:\/\/waldorf-ansbach.de\/index.php?rest_route=%2Fwp%2Fv2%2Fcomments&post=95"}],"version-history":[{"count":8,"href":"https:\/\/waldorf-ansbach.de\/index.php?rest_route=\/wp\/v2\/pages\/95\/revisions"}],"predecessor-version":[{"id":443,"href":"https:\/\/waldorf-ansbach.de\/index.php?rest_route=\/wp\/v2\/pages\/95\/revisions\/443"}],"up":[{"embeddable":true,"href":"https:\/\/waldorf-ansbach.de\/index.php?rest_route=\/wp\/v2\/pages\/8"}],"wp:featuredmedia":[{"embeddable":true,"href":"https:\/\/waldorf-ansbach.de\/index.php?rest_route=\/wp\/v2\/media\/330"}],"wp:attachment":[{"href":"https:\/\/waldorf-ansbach.de\/index.php?rest_route=%2Fwp%2Fv2%2Fmedia&parent=95"}],"curies":[{"name":"wp","href":"https:\/\/api.w.org\/{rel}","templated":true}]}}