{"id":97,"date":"2017-02-24T08:59:58","date_gmt":"2017-02-24T07:59:58","guid":{"rendered":"http:\/\/waldorf-ansbach.de\/wordpress\/?page_id=97"},"modified":"2024-07-29T22:37:11","modified_gmt":"2024-07-29T20:37:11","slug":"der-traegerverein","status":"publish","type":"page","link":"https:\/\/waldorf-ansbach.de\/?page_id=97","title":{"rendered":"Waldorfkindergarten Ansbach e.V."},"content":{"rendered":"<p>Der Waldorfkindergarten Ansbach e.V. ist der Tr\u00e4ger des Kindergarten. Um Ihr Kind zu uns bringen zu k\u00f6nnen, m\u00fcssen sie Mitglied im Verein sein. Daher treten Sie bei Aufnahme in unserer Einrichtung in den Verein ein und engagieren sich w\u00e4hrend Ihrer Mitgliedschaft in Form von <a href=\"https:\/\/waldorf-ansbach.de\/?page_id=10\">Arbeitskreisen<\/a>, die dem Kindergartenalltag zugute kommen.\u00a0<\/p>\n<p>Im Vorstand des Kindergartens engagieren sich auch Vereinsmitglieder, allem voran Eltern von Kindern die aktuell oder ehemals bei uns betreut werden. Die Vorst\u00e4nde \u00fcbernehmen gesch\u00e4ftsf\u00fchrende Aufgaben und vertreten den Verein rechtlich nach au\u00dfen.<\/p>\n<p>In der j\u00e4hrlich stattfindenden Mitgliederversammlung wird der Vorstand f\u00fcr zwei Jahre von den Mitgliedern des Vereins gew\u00e4hlt.<span class=\"Apple-converted-space\">\u00a0<\/span><\/p>\n<p><span class=\"Apple-converted-space\">Zudem dient eine <\/span>Elternversammlung zu Beginn des Kindergartenjahres als Forum f\u00fcr Fragen, die den Kindergarten betreffen, und f\u00fchrt die Wahl des Elternbeirates durch.<span class=\"Apple-converted-space\"> Dieser<\/span> besteht aus mindestens zwei Elternteilen pro Gruppe und vermittelt bei Bedarf zwischen Eltern, Tr\u00e4gern und Personal.<span class=\"Apple-converted-space\">\u00a0<\/span><\/p>\n\n\n<p><\/p>\n","protected":false},"excerpt":{"rendered":"<p>Der Waldorfkindergarten Ansbach e.V. ist der Tr\u00e4ger des Kindergarten. Um Ihr Kind zu uns bringen zu k\u00f6nnen, m\u00fcssen sie Mitglied im Verein sein. Daher treten Sie bei Aufnahme in unserer Einrichtung in den Verein ein und engagieren sich w\u00e4hrend Ihrer Mitgliedschaft in Form von Arbeitskreisen, die dem Kindergartenalltag zugute kommen.\u00a0 Im Vorstand des Kindergartens engagieren &hellip; <\/p>\n<p class=\"link-more\"><a href=\"https:\/\/waldorf-ansbach.de\/?page_id=97\" class=\"more-link\"><span class=\"screen-reader-text\">\u201eWaldorfkindergarten Ansbach e.V.\u201c<\/span> weiterlesen<\/a><\/p>\n","protected":false},"author":1,"featured_media":298,"parent":8,"menu_order":8,"comment_status":"closed","ping_status":"closed","template":"","meta":{"two_page_speed":[],"footnotes":""},"class_list":["post-97","page","type-page","status-publish","has-post-thumbnail","hentry"],"_links":{"self":[{"href":"https:\/\/waldorf-ansbach.de\/index.php?rest_route=\/wp\/v2\/pages\/97"}],"collection":[{"href":"https:\/\/waldorf-ansbach.de\/index.php?rest_route=\/wp\/v2\/pages"}],"about":[{"href":"https:\/\/waldorf-ansbach.de\/index.php?rest_route=\/wp\/v2\/types\/page"}],"author":[{"embeddable":true,"href":"https:\/\/waldorf-ansbach.de\/index.php?rest_route=\/wp\/v2\/users\/1"}],"replies":[{"embeddable":true,"href":"https:\/\/waldorf-ansbach.de\/index.php?rest_route=%2Fwp%2Fv2%2Fcomments&post=97"}],"version-history":[{"count":7,"href":"https:\/\/waldorf-ansbach.de\/index.php?rest_route=\/wp\/v2\/pages\/97\/revisions"}],"predecessor-version":[{"id":335,"href":"https:\/\/waldorf-ansbach.de\/index.php?rest_route=\/wp\/v2\/pages\/97\/revisions\/335"}],"up":[{"embeddable":true,"href":"https:\/\/waldorf-ansbach.de\/index.php?rest_route=\/wp\/v2\/pages\/8"}],"wp:featuredmedia":[{"embeddable":true,"href":"https:\/\/waldorf-ansbach.de\/index.php?rest_route=\/wp\/v2\/media\/298"}],"wp:attachment":[{"href":"https:\/\/waldorf-ansbach.de\/index.php?rest_route=%2Fwp%2Fv2%2Fmedia&parent=97"}],"curies":[{"name":"wp","href":"https:\/\/api.w.org\/{rel}","templated":true}]}}