{"id":99,"date":"2017-02-24T09:00:34","date_gmt":"2017-02-24T08:00:34","guid":{"rendered":"http:\/\/waldorf-ansbach.de\/wordpress\/?page_id=99"},"modified":"2024-07-25T15:28:42","modified_gmt":"2024-07-25T13:28:42","slug":"das-konzept","status":"publish","type":"page","link":"https:\/\/waldorf-ansbach.de\/?page_id=99","title":{"rendered":"Unser Konzept"},"content":{"rendered":"\n<p>Im Mittelpunkt der Waldorf-Kindergarten-Philosophie steht die individuelle und ganzheitliche Entwicklung der Kinder im Sinne eines anthroposophischen Menschenbildes. Wir sehen jedes Kind als physisches, seelisches und geistiges Wesen und unterst\u00fctzen es dabei, seine <strong>unverwechselbare Pers\u00f6nlichkeit <\/strong>nach seinen individuellen M\u00f6glichkeiten zu entwickeln und zu entfalten. Daf\u00fcr gestalten wir eine gesch\u00fctzte Umgebung und respektieren die eigenen Entwicklungsgesetze jedes Kindes.<br>Unterst\u00fctzend dabei ist der Fokus auf Kreativit\u00e4t, Handwerk und Musikalit\u00e4t.<\/p>\n\n\n\n<p>Unser Alltag zeichnet sich durch einen festen <strong>Rhythmus und Wiederholung<\/strong> aus. Der Tag und die Woche<br>folgen einem strukturierten Ablauf. Die Erzieher haben eine starke Vorbildfunktion, denn wir legen den Glauben an die <strong>Nachahmung<\/strong> der Erwachsenen durch die Kinder zugrunde. Dabei ist die tiefe Beziehung zum Kind das grundlegende Element.<\/p>\n\n\n\n<p>In der Anthroposophie spielen sowohl revolution\u00e4re als auch spirituelle und p\u00e4dagogische Gedanken eine zentrale Rolle. Inmitten dessen formulieren wir f\u00fcr uns die folgenden Werte als grundlegende Leitbilder f\u00fcr unsere t\u00e4gliche Arbeit mit Ihren Kindern.<br>&#8211; beh\u00fctetes Wohlf\u00fchlen und Geborgenheit<br>&#8211; Naturverbundenheit<br>&#8211; sinnvolle T\u00e4tigkeiten<\/p>\n\n\n\n<blockquote class=\"wp-block-quote is-style-plain is-layout-flow wp-block-quote-is-layout-flow\">\n<p><\/p>\n<\/blockquote>\n\n\n\n<blockquote class=\"wp-block-quote is-layout-flow wp-block-quote-is-layout-flow\">\n<p class=\"has-text-align-center\">&#8222;Alle Dinge mit Zehen zu verstehen,<br>mit den Fingern zu begreifen,<br>ist das erste hier auf Erden.<br>Worte werden<br>bald erbl\u00fchen<br>und Gedanken werden reifen.&#8220;<\/p>\n\n\n\n<p class=\"has-text-align-right has-cyan-bluish-gray-color has-text-color has-link-color wp-elements-b29b347c93cfec2d37c76e801680588c\">A. Baur<\/p>\n<\/blockquote>\n\n\n\n<p>Wir arbeiten zudem mit christlichen Grundwerten, sind aber nicht konfessionell gebunden. Wir bringen jedem Kind Achtung vor seiner Individualit\u00e4t entgegen. Und so entwickelt es Vertrauen in die Welt. Es erf\u00e4hrt im Kindergartenalltag Liebe, Geborgenheit und Verl\u00e4sslichkeit. So lernt es, sich frei entfalten zu d\u00fcrfen.<\/p>\n","protected":false},"excerpt":{"rendered":"<p>Im Mittelpunkt der Waldorf-Kindergarten-Philosophie steht die individuelle und ganzheitliche Entwicklung der Kinder im Sinne eines anthroposophischen Menschenbildes. Wir sehen jedes Kind als physisches, seelisches und geistiges Wesen und unterst\u00fctzen es dabei, seine unverwechselbare Pers\u00f6nlichkeit nach seinen individuellen M\u00f6glichkeiten zu entwickeln und zu entfalten. Daf\u00fcr gestalten wir eine gesch\u00fctzte Umgebung und respektieren die eigenen Entwicklungsgesetze jedes &hellip; <\/p>\n<p class=\"link-more\"><a href=\"https:\/\/waldorf-ansbach.de\/?page_id=99\" class=\"more-link\"><span class=\"screen-reader-text\">\u201eUnser Konzept\u201c<\/span> weiterlesen<\/a><\/p>\n","protected":false},"author":1,"featured_media":382,"parent":8,"menu_order":5,"comment_status":"closed","ping_status":"closed","template":"","meta":{"two_page_speed":[],"footnotes":""},"class_list":["post-99","page","type-page","status-publish","has-post-thumbnail","hentry"],"_links":{"self":[{"href":"https:\/\/waldorf-ansbach.de\/index.php?rest_route=\/wp\/v2\/pages\/99"}],"collection":[{"href":"https:\/\/waldorf-ansbach.de\/index.php?rest_route=\/wp\/v2\/pages"}],"about":[{"href":"https:\/\/waldorf-ansbach.de\/index.php?rest_route=\/wp\/v2\/types\/page"}],"author":[{"embeddable":true,"href":"https:\/\/waldorf-ansbach.de\/index.php?rest_route=\/wp\/v2\/users\/1"}],"replies":[{"embeddable":true,"href":"https:\/\/waldorf-ansbach.de\/index.php?rest_route=%2Fwp%2Fv2%2Fcomments&post=99"}],"version-history":[{"count":11,"href":"https:\/\/waldorf-ansbach.de\/index.php?rest_route=\/wp\/v2\/pages\/99\/revisions"}],"predecessor-version":[{"id":446,"href":"https:\/\/waldorf-ansbach.de\/index.php?rest_route=\/wp\/v2\/pages\/99\/revisions\/446"}],"up":[{"embeddable":true,"href":"https:\/\/waldorf-ansbach.de\/index.php?rest_route=\/wp\/v2\/pages\/8"}],"wp:featuredmedia":[{"embeddable":true,"href":"https:\/\/waldorf-ansbach.de\/index.php?rest_route=\/wp\/v2\/media\/382"}],"wp:attachment":[{"href":"https:\/\/waldorf-ansbach.de\/index.php?rest_route=%2Fwp%2Fv2%2Fmedia&parent=99"}],"curies":[{"name":"wp","href":"https:\/\/api.w.org\/{rel}","templated":true}]}}